{"id":1154,"date":"2024-12-16T10:45:44","date_gmt":"2024-12-16T09:45:44","guid":{"rendered":"https:\/\/2025.vms.de\/prohlaseni-o-pristupnosti\/"},"modified":"2025-01-29T11:22:54","modified_gmt":"2025-01-29T10:22:54","slug":"prohlaseni-o-pristupnosti","status":"publish","type":"page","link":"https:\/\/2025.vms.de\/cs\/prohlaseni-o-pristupnosti\/","title":{"rendered":"Prohl\u00e1\u0161en\u00ed o&nbsp;p\u0159\u00edstupnosti"},"content":{"rendered":"\n<p>Spole\u010dnost VMS GmbH usiluje o\u00a0zp\u0159\u00edstupn\u011bn\u00ed sv\u00fdch webov\u00fdch str\u00e1nek v\u00a0souladu se sask\u00fdm z\u00e1konem o\u00a0inkluzi (S\u00e4chsInklusG) a\u00a0z\u00e1konem o\u00a0p\u0159\u00edstupnosti webov\u00fdch str\u00e1nek (BfWebG) ve spojen\u00ed s\u00a0na\u0159\u00edzen\u00edm o\u00a0p\u0159\u00edstupnosti informa\u010dn\u00edch technologi\u00ed (BITV 2.0). Z\u00e1kon BfWebG je dopln\u011bn o\u00a0na\u0159\u00edzen\u00ed o\u00a0p\u0159\u00edstupnosti webov\u00fdch str\u00e1nek (BfWebVO). Tyto z\u00e1kony jsou vypracov\u00e1ny v\u00a0souladu se sm\u011brnic\u00ed (EU) 2016\/2102.<\/p>\n\n<p>Toto prohl\u00e1\u0161en\u00ed o\u00a0p\u0159\u00edstupnosti se vztahuje na webov\u00e9 str\u00e1nky\u00a0<a href=\"https:\/\/www.vms.de\/\" target=\"_blank\" rel=\"noreferrer noopener\">www.vms.de<\/a>\u00a0a\u00a0<a href=\"https:\/\/2025.vms.de\/cs\/\" target=\"_blank\" rel=\"noreferrer noopener\">2025.vms.de<\/a>.&#13;\n&#13;\n<p><strong>Stav p\u0159\u00edstupnosti<\/strong><\/p><\/p>\n\n<p>P\u0159\u00edstupnost vych\u00e1z\u00ed z\u00a0mezin\u00e1rodn\u011b platn\u00fdch Pokyn\u016f pro p\u0159\u00edstupnost webov\u00e9ho obsahu (WCAG\u00a02.1), \u00farovn\u011b AA, a\u00a0z\u00a0evropsk\u00e9 normy EN\u00a0301\u00a0549, verze\u00a03.2.1. U\u00a0dokument\u016f PDF je rovn\u011b\u017e dodr\u017eov\u00e1na mezin\u00e1rodn\u00ed norma PDF\/UA-1.&#13;\n<\/p>\n\n<p>Tyto webov\u00e9 str\u00e1nky jsou pln\u011b p\u0159\u00edstupn\u00e9 v\u00a0souladu s\u00a0v\u00fd\u0161e uveden\u00fdmi sm\u011brnicemi.&#13;\n&#13;\n<p><strong>Vytvo\u0159en\u00ed prohl\u00e1\u0161en\u00ed<\/strong><\/p><\/p>\n\n<p>Toto prohl\u00e1\u0161en\u00ed bylo vytvo\u0159eno dne 20.\u00a07.\u00a02022 a\u00a0naposledy aktualizov\u00e1no dne 9.\u00a01.\u00a02025.&#13;\n&#13;\n<\/p>\n\n<p>Stav p\u0159\u00edstupnosti pr\u016fb\u011b\u017en\u011b zji\u0161\u0165ujeme vlastn\u00edmi kontrolami. U\u00a0nov\u00e9ho obsahu se v\u00a0t\u00e9to souvislosti kontroluje soulad s\u00a0normami a\u00a0standardy uveden\u00fdmi v\u00a0prohl\u00e1\u0161en\u00ed. V\u00a0p\u0159\u00edpad\u011b aktualizace nebo dopln\u011bn\u00ed t\u011bchto norem a\u00a0standard\u016f se kontroluje soulad st\u00e1vaj\u00edc\u00edho obsahu.<\/p>\n\n<p><strong>Zp\u011btn\u00e1 vazba a\u00a0kontaktn\u00ed \u00fadaje<\/strong><\/p>\n\n<p>Pokud si na na\u0161ich webov\u00fdch str\u00e1nk\u00e1ch v\u0161imnete jak\u00fdchkoli nedostatk\u016f v\u00a0p\u0159\u00edstupnosti nebo pokud pot\u0159ebujete informace o\u00a0nep\u0159\u00edstupn\u00e9m obsahu, nev\u00e1hejte n\u00e1s kontaktovat. Budeme se sna\u017eit nahl\u00e1\u0161en\u00e9 nedostatky odstranit nebo v\u00e1m nep\u0159\u00edstupn\u00e9 informace poskytnout v\u00a0p\u0159\u00edstupn\u00e9 form\u011b.<\/p>\n\n<p><strong>Vym\u00e1hac\u00ed \u0159\u00edzen\u00ed<\/strong><\/p>\n\n<p>S\u00a0vyu\u017eit\u00edm v\u00fd\u0161e uveden\u00fdch kontaktn\u00edch \u00fadaj\u016f jste vznesli po\u017eadavek ohledn\u011b p\u0159\u00edstupnosti na\u0161ich webov\u00fdch str\u00e1nek. Pokud v\u00a0p\u0159im\u011b\u0159en\u00e9 lh\u016ft\u011b (obvykle \u010dty\u0159i t\u00fddny) nedojde k\u00a0nalezen\u00ed uspokojiv\u00e9ho \u0159e\u0161en\u00ed, m\u016f\u017eete se obr\u00e1tit na \u00fa\u0159ad st\u00e1tn\u00edho zmocn\u011bnce pro za\u010dle\u0148ov\u00e1n\u00ed osob se zdravotn\u00edm posti\u017een\u00edm (vym\u00e1haj\u00edc\u00ed subjekt) p\u0159i Sask\u00e9m st\u00e1tn\u00edm kancl\u00e9\u0159stv\u00ed, kter\u00fd je odpov\u011bdn\u00fd za vym\u00e1hac\u00ed \u0159\u00edzen\u00ed. Vym\u00e1haj\u00edc\u00ed subjekt podporuje mimosoudn\u00ed \u0159e\u0161en\u00ed spor\u016f, pokud dojde ke konfliktu mezi ve\u0159ejn\u00fdmi org\u00e1ny v\u00a0Sasku a\u00a0u\u017eivateli webov\u00fdch str\u00e1nek nebo mobiln\u00edch aplikac\u00ed. Toto sm\u00edr\u010d\u00ed \u0159\u00edzen\u00ed je bezplatn\u00e9. \u00da\u010dast pr\u00e1vn\u00edho z\u00e1stupce nen\u00ed nutn\u00e1.<\/p>\n\n<p><strong>Kontakt:<\/strong><\/p>\n\n<p>S\u00e4chsische Staatskanzlei<br\/>&#13;\nGesch\u00e4ftsstelle des Landesbeauftragten f\u00fcr Inklusion der Menschen mit Behinderungen<br\/>&#13;\nDurchsetzungsstelle<br\/>&#13;\nArchivstra\u00dfe 1<br\/>&#13;\n01097 Dresden<br\/>&#13;\nN\u011bmecko<\/p>\n\n<p>Telefon: +49 351 564-10717<br\/>&#13;\nFax: +49 351 564-10999<\/p>\n\n<p>E-mail:\u00a0<a href=\"mailto:durchsetzungsstelle@sk.sachsen.de\">durchsetzungsstelle@sk.sachsen.de<\/a><br\/>&#13;\nInternet:\u00a0<a href=\"http:\/\/www.durchsetzungsstelle.sachsen.de\">www.durchsetzungsstelle.sachsen.de<\/a><\/p>\n\n<hr class=\"wp-block-separator has-alpha-channel-opacity\"\/>\n","protected":false},"excerpt":{"rendered":"<p>Spole\u010dnost VMS GmbH usiluje o\u00a0zp\u0159\u00edstupn\u011bn\u00ed sv\u00fdch webov\u00fdch str\u00e1nek v\u00a0souladu se sask\u00fdm z\u00e1konem o\u00a0inkluzi (S\u00e4chsInklusG) a\u00a0z\u00e1konem o\u00a0p\u0159\u00edstupnosti webov\u00fdch str\u00e1nek (BfWebG) ve spojen\u00ed s\u00a0na\u0159\u00edzen\u00edm o\u00a0p\u0159\u00edstupnosti informa\u010dn\u00edch technologi\u00ed (BITV 2.0). Z\u00e1kon BfWebG je [&hellip;]<\/p>\n","protected":false},"author":1,"featured_media":0,"parent":0,"menu_order":0,"comment_status":"closed","ping_status":"closed","template":"","meta":{"inline_featured_image":false,"footnotes":""},"class_list":["post-1154","page","type-page","status-publish","hentry"],"yoast_head":"<!-- This site is optimized with the Yoast SEO plugin v26.4 - https:\/\/yoast.com\/wordpress\/plugins\/seo\/ -->\n<title>Prohl\u00e1\u0161en\u00ed o&nbsp;p\u0159\u00edstupnosti &#8212; VMS Chemnitz 2025<\/title>\n<meta name=\"robots\" content=\"index, follow, max-snippet:-1, max-image-preview:large, max-video-preview:-1\" \/>\n<link rel=\"canonical\" href=\"https:\/\/2025.vms.de\/cs\/prohlaseni-o-pristupnosti\/\" \/>\n<meta property=\"og:locale\" content=\"cs_CZ\" \/>\n<meta property=\"og:type\" content=\"article\" \/>\n<meta property=\"og:title\" content=\"Prohl\u00e1\u0161en\u00ed o&nbsp;p\u0159\u00edstupnosti &#8212; VMS Chemnitz 2025\" \/>\n<meta property=\"og:description\" content=\"Spole\u010dnost VMS GmbH usiluje o\u00a0zp\u0159\u00edstupn\u011bn\u00ed sv\u00fdch webov\u00fdch str\u00e1nek v\u00a0souladu se sask\u00fdm z\u00e1konem o\u00a0inkluzi (S\u00e4chsInklusG) a\u00a0z\u00e1konem o\u00a0p\u0159\u00edstupnosti webov\u00fdch str\u00e1nek (BfWebG) ve spojen\u00ed s\u00a0na\u0159\u00edzen\u00edm o\u00a0p\u0159\u00edstupnosti informa\u010dn\u00edch technologi\u00ed (BITV 2.0). Z\u00e1kon BfWebG je [&hellip;]\" \/>\n<meta property=\"og:url\" content=\"https:\/\/2025.vms.de\/cs\/prohlaseni-o-pristupnosti\/\" \/>\n<meta property=\"og:site_name\" content=\"VMS Chemnitz 2025\" \/>\n<meta property=\"article:modified_time\" content=\"2025-01-29T10:22:54+00:00\" \/>\n<meta name=\"twitter:card\" content=\"summary_large_image\" \/>\n<meta name=\"twitter:label1\" content=\"Odhadovan\u00e1 doba \u010dten\u00ed\" \/>\n\t<meta name=\"twitter:data1\" content=\"2 minuty\" \/>\n<script type=\"application\/ld+json\" class=\"yoast-schema-graph\">{\"@context\":\"https:\/\/schema.org\",\"@graph\":[{\"@type\":\"WebPage\",\"@id\":\"https:\/\/2025.vms.de\/cs\/prohlaseni-o-pristupnosti\/\",\"url\":\"https:\/\/2025.vms.de\/cs\/prohlaseni-o-pristupnosti\/\",\"name\":\"Prohl\u00e1\u0161en\u00ed o&nbsp;p\u0159\u00edstupnosti &#8212; VMS Chemnitz 2025\",\"isPartOf\":{\"@id\":\"https:\/\/2025.vms.de\/cs\/#website\"},\"datePublished\":\"2024-12-16T09:45:44+00:00\",\"dateModified\":\"2025-01-29T10:22:54+00:00\",\"breadcrumb\":{\"@id\":\"https:\/\/2025.vms.de\/cs\/prohlaseni-o-pristupnosti\/#breadcrumb\"},\"inLanguage\":\"cs\",\"potentialAction\":[{\"@type\":\"ReadAction\",\"target\":[\"https:\/\/2025.vms.de\/cs\/prohlaseni-o-pristupnosti\/\"]}]},{\"@type\":\"BreadcrumbList\",\"@id\":\"https:\/\/2025.vms.de\/cs\/prohlaseni-o-pristupnosti\/#breadcrumb\",\"itemListElement\":[{\"@type\":\"ListItem\",\"position\":1,\"name\":\"Startseite\",\"item\":\"https:\/\/2025.vms.de\/cs\/\"},{\"@type\":\"ListItem\",\"position\":2,\"name\":\"Prohl\u00e1\u0161en\u00ed o&nbsp;p\u0159\u00edstupnosti\"}]},{\"@type\":\"WebSite\",\"@id\":\"https:\/\/2025.vms.de\/cs\/#website\",\"url\":\"https:\/\/2025.vms.de\/cs\/\",\"name\":\"VMS Kulturhauptstadt\",\"description\":\"Mit dem VMS die Kulturhauptstadt entdecken\",\"publisher\":{\"@id\":\"https:\/\/2025.vms.de\/cs\/#organization\"},\"potentialAction\":[{\"@type\":\"SearchAction\",\"target\":{\"@type\":\"EntryPoint\",\"urlTemplate\":\"https:\/\/2025.vms.de\/cs\/?s={search_term_string}\"},\"query-input\":{\"@type\":\"PropertyValueSpecification\",\"valueRequired\":true,\"valueName\":\"search_term_string\"}}],\"inLanguage\":\"cs\"},{\"@type\":\"Organization\",\"@id\":\"https:\/\/2025.vms.de\/cs\/#organization\",\"name\":\"Verkehrsverbund Mittelsachsen\",\"url\":\"https:\/\/2025.vms.de\/cs\/\",\"logo\":{\"@type\":\"ImageObject\",\"inLanguage\":\"cs\",\"@id\":\"https:\/\/2025.vms.de\/cs\/#\/schema\/logo\/image\/\",\"url\":\"https:\/\/2025.vms.de\/wp-content\/uploads\/2024\/10\/239946-3190071.png\",\"contentUrl\":\"https:\/\/2025.vms.de\/wp-content\/uploads\/2024\/10\/239946-3190071.png\",\"width\":1000,\"height\":500,\"caption\":\"Verkehrsverbund Mittelsachsen\"},\"image\":{\"@id\":\"https:\/\/2025.vms.de\/cs\/#\/schema\/logo\/image\/\"}}]}<\/script>\n<!-- \/ Yoast SEO plugin. -->","yoast_head_json":{"title":"Prohl\u00e1\u0161en\u00ed o&nbsp;p\u0159\u00edstupnosti &#8212; VMS Chemnitz 2025","robots":{"index":"index","follow":"follow","max-snippet":"max-snippet:-1","max-image-preview":"max-image-preview:large","max-video-preview":"max-video-preview:-1"},"canonical":"https:\/\/2025.vms.de\/cs\/prohlaseni-o-pristupnosti\/","og_locale":"cs_CZ","og_type":"article","og_title":"Prohl\u00e1\u0161en\u00ed o&nbsp;p\u0159\u00edstupnosti &#8212; VMS Chemnitz 2025","og_description":"Spole\u010dnost VMS GmbH usiluje o\u00a0zp\u0159\u00edstupn\u011bn\u00ed sv\u00fdch webov\u00fdch str\u00e1nek v\u00a0souladu se sask\u00fdm z\u00e1konem o\u00a0inkluzi (S\u00e4chsInklusG) a\u00a0z\u00e1konem o\u00a0p\u0159\u00edstupnosti webov\u00fdch str\u00e1nek (BfWebG) ve spojen\u00ed s\u00a0na\u0159\u00edzen\u00edm o\u00a0p\u0159\u00edstupnosti informa\u010dn\u00edch technologi\u00ed (BITV 2.0). Z\u00e1kon BfWebG je [&hellip;]","og_url":"https:\/\/2025.vms.de\/cs\/prohlaseni-o-pristupnosti\/","og_site_name":"VMS Chemnitz 2025","article_modified_time":"2025-01-29T10:22:54+00:00","twitter_card":"summary_large_image","twitter_misc":{"Odhadovan\u00e1 doba \u010dten\u00ed":"2 minuty"},"schema":{"@context":"https:\/\/schema.org","@graph":[{"@type":"WebPage","@id":"https:\/\/2025.vms.de\/cs\/prohlaseni-o-pristupnosti\/","url":"https:\/\/2025.vms.de\/cs\/prohlaseni-o-pristupnosti\/","name":"Prohl\u00e1\u0161en\u00ed o&nbsp;p\u0159\u00edstupnosti &#8212; VMS Chemnitz 2025","isPartOf":{"@id":"https:\/\/2025.vms.de\/cs\/#website"},"datePublished":"2024-12-16T09:45:44+00:00","dateModified":"2025-01-29T10:22:54+00:00","breadcrumb":{"@id":"https:\/\/2025.vms.de\/cs\/prohlaseni-o-pristupnosti\/#breadcrumb"},"inLanguage":"cs","potentialAction":[{"@type":"ReadAction","target":["https:\/\/2025.vms.de\/cs\/prohlaseni-o-pristupnosti\/"]}]},{"@type":"BreadcrumbList","@id":"https:\/\/2025.vms.de\/cs\/prohlaseni-o-pristupnosti\/#breadcrumb","itemListElement":[{"@type":"ListItem","position":1,"name":"Startseite","item":"https:\/\/2025.vms.de\/cs\/"},{"@type":"ListItem","position":2,"name":"Prohl\u00e1\u0161en\u00ed o&nbsp;p\u0159\u00edstupnosti"}]},{"@type":"WebSite","@id":"https:\/\/2025.vms.de\/cs\/#website","url":"https:\/\/2025.vms.de\/cs\/","name":"VMS Kulturhauptstadt","description":"Mit dem VMS die Kulturhauptstadt entdecken","publisher":{"@id":"https:\/\/2025.vms.de\/cs\/#organization"},"potentialAction":[{"@type":"SearchAction","target":{"@type":"EntryPoint","urlTemplate":"https:\/\/2025.vms.de\/cs\/?s={search_term_string}"},"query-input":{"@type":"PropertyValueSpecification","valueRequired":true,"valueName":"search_term_string"}}],"inLanguage":"cs"},{"@type":"Organization","@id":"https:\/\/2025.vms.de\/cs\/#organization","name":"Verkehrsverbund Mittelsachsen","url":"https:\/\/2025.vms.de\/cs\/","logo":{"@type":"ImageObject","inLanguage":"cs","@id":"https:\/\/2025.vms.de\/cs\/#\/schema\/logo\/image\/","url":"https:\/\/2025.vms.de\/wp-content\/uploads\/2024\/10\/239946-3190071.png","contentUrl":"https:\/\/2025.vms.de\/wp-content\/uploads\/2024\/10\/239946-3190071.png","width":1000,"height":500,"caption":"Verkehrsverbund Mittelsachsen"},"image":{"@id":"https:\/\/2025.vms.de\/cs\/#\/schema\/logo\/image\/"}}]}},"_links":{"self":[{"href":"https:\/\/2025.vms.de\/cs\/wp-json\/wp\/v2\/pages\/1154","targetHints":{"allow":["GET"]}}],"collection":[{"href":"https:\/\/2025.vms.de\/cs\/wp-json\/wp\/v2\/pages"}],"about":[{"href":"https:\/\/2025.vms.de\/cs\/wp-json\/wp\/v2\/types\/page"}],"author":[{"embeddable":true,"href":"https:\/\/2025.vms.de\/cs\/wp-json\/wp\/v2\/users\/1"}],"replies":[{"embeddable":true,"href":"https:\/\/2025.vms.de\/cs\/wp-json\/wp\/v2\/comments?post=1154"}],"version-history":[{"count":0,"href":"https:\/\/2025.vms.de\/cs\/wp-json\/wp\/v2\/pages\/1154\/revisions"}],"wp:attachment":[{"href":"https:\/\/2025.vms.de\/cs\/wp-json\/wp\/v2\/media?parent=1154"}],"curies":[{"name":"wp","href":"https:\/\/api.w.org\/{rel}","templated":true}]}}